{"id":1325,"date":"2022-09-15T11:54:12","date_gmt":"2022-09-15T08:54:12","guid":{"rendered":"https:\/\/balilight.lt\/?post_type=product&#038;p=1325"},"modified":"2024-03-12T17:17:32","modified_gmt":"2024-03-12T15:17:32","slug":"marmuro-muiline-apvali","status":"publish","type":"product","link":"https:\/\/balilight.lt\/?product=marmuro-muiline-apvali","title":{"rendered":"Marmuro muilin\u0117 apvali"},"content":{"rendered":"<p>Marmuro muilin\u0117, pagaminta Balio saloje.<br \/>\nSpalva gali ne\u017eymiai skirtis d\u0117l marmuro unikalumo.<br \/>\nSkersmuo 9 cm<\/p>\n","protected":false},"excerpt":{"rendered":"<p>Marmuro muilin\u0117, pagaminta Balio saloje. Spalva gali ne\u017eymiai skirtis d\u0117l marmuro unikalumo. Skersmuo 9 cm<\/p>\n","protected":false},"featured_media":1326,"template":"","meta":[],"product_brand":[],"product_cat":[43],"product_tag":[],"class_list":{"0":"post-1325","1":"product","2":"type-product","3":"status-publish","4":"has-post-thumbnail","6":"product_cat-vonios-aksesuarai","8":"first","9":"instock","10":"taxable","11":"shipping-taxable","12":"purchasable","13":"product-type-simple"},"_links":{"self":[{"href":"https:\/\/balilight.lt\/index.php?rest_route=\/wp\/v2\/product\/1325","targetHints":{"allow":["GET"]}}],"collection":[{"href":"https:\/\/balilight.lt\/index.php?rest_route=\/wp\/v2\/product"}],"about":[{"href":"https:\/\/balilight.lt\/index.php?rest_route=\/wp\/v2\/types\/product"}],"wp:featuredmedia":[{"embeddable":true,"href":"https:\/\/balilight.lt\/index.php?rest_route=\/wp\/v2\/media\/1326"}],"wp:attachment":[{"href":"https:\/\/balilight.lt\/index.php?rest_route=%2Fwp%2Fv2%2Fmedia&parent=1325"}],"wp:term":[{"taxonomy":"product_brand","embeddable":true,"href":"https:\/\/balilight.lt\/index.php?rest_route=%2Fwp%2Fv2%2Fproduct_brand&post=1325"},{"taxonomy":"product_cat","embeddable":true,"href":"https:\/\/balilight.lt\/index.php?rest_route=%2Fwp%2Fv2%2Fproduct_cat&post=1325"},{"taxonomy":"product_tag","embeddable":true,"href":"https:\/\/balilight.lt\/index.php?rest_route=%2Fwp%2Fv2%2Fproduct_tag&post=1325"}],"curies":[{"name":"wp","href":"https:\/\/api.w.org\/{rel}","templated":true}]}}