{"id":1246,"date":"2022-07-28T12:43:25","date_gmt":"2022-07-28T09:43:25","guid":{"rendered":"https:\/\/balilight.lt\/?post_type=product&#038;p=1246"},"modified":"2025-09-01T17:43:01","modified_gmt":"2025-09-01T14:43:01","slug":"raffia-veidrodis","status":"publish","type":"product","link":"https:\/\/balilight.lt\/?product=raffia-veidrodis","title":{"rendered":"Raffia veidrodis 85cm"},"content":{"rendered":"<p>Raffia veidrodis.<\/p>\n<p>Skersmuo 82-85 cm, veidrod\u017eio 36 cm<\/p>\n<p>Nebijo dr\u0117gmes gali b\u016bti vonioje, terasoje, kambaryje.<br \/>\nVisada labai papuo\u0161ia erdv\u0117 ir j\u0105 opti\u0161kai padidina.<\/p>\n","protected":false},"excerpt":{"rendered":"<p>Raffia veidrodis. Skersmuo 82-85 cm, veidrod\u017eio 36 cm Nebijo dr\u0117gmes gali b\u016bti vonioje, terasoje, kambaryje. Visada labai papuo\u0161ia erdv\u0117 ir j\u0105 opti\u0161kai padidina.<\/p>\n","protected":false},"featured_media":1248,"template":"","meta":[],"product_brand":[],"product_cat":[21],"product_tag":[],"class_list":{"0":"post-1246","1":"product","2":"type-product","3":"status-publish","4":"has-post-thumbnail","6":"product_cat-veidrodziai-raffia-tikmedzio","8":"first","9":"instock","10":"taxable","11":"shipping-taxable","12":"purchasable","13":"product-type-simple"},"_links":{"self":[{"href":"https:\/\/balilight.lt\/index.php?rest_route=\/wp\/v2\/product\/1246","targetHints":{"allow":["GET"]}}],"collection":[{"href":"https:\/\/balilight.lt\/index.php?rest_route=\/wp\/v2\/product"}],"about":[{"href":"https:\/\/balilight.lt\/index.php?rest_route=\/wp\/v2\/types\/product"}],"wp:featuredmedia":[{"embeddable":true,"href":"https:\/\/balilight.lt\/index.php?rest_route=\/wp\/v2\/media\/1248"}],"wp:attachment":[{"href":"https:\/\/balilight.lt\/index.php?rest_route=%2Fwp%2Fv2%2Fmedia&parent=1246"}],"wp:term":[{"taxonomy":"product_brand","embeddable":true,"href":"https:\/\/balilight.lt\/index.php?rest_route=%2Fwp%2Fv2%2Fproduct_brand&post=1246"},{"taxonomy":"product_cat","embeddable":true,"href":"https:\/\/balilight.lt\/index.php?rest_route=%2Fwp%2Fv2%2Fproduct_cat&post=1246"},{"taxonomy":"product_tag","embeddable":true,"href":"https:\/\/balilight.lt\/index.php?rest_route=%2Fwp%2Fv2%2Fproduct_tag&post=1246"}],"curies":[{"name":"wp","href":"https:\/\/api.w.org\/{rel}","templated":true}]}}