{"id":1215,"date":"2022-06-29T12:19:23","date_gmt":"2022-06-29T09:19:23","guid":{"rendered":"https:\/\/balilight.lt\/?post_type=product&#038;p=1215"},"modified":"2026-03-21T14:33:59","modified_gmt":"2026-03-21T12:33:59","slug":"medaus-smilkalai","status":"publish","type":"product","link":"https:\/\/balilight.lt\/?product=medaus-smilkalai","title":{"rendered":"Medaus smilkalai"},"content":{"rendered":"<p>Nat\u016bralus smilkalai, pagaminti rankomis Bali saloje, palaiminti Lietuvai Balio \u0161ventiko.<br \/>\nVien\u0105 lazdel\u0119 smilksta iki 5 val.<br \/>\nPakelyje yra 5 lazdel\u0117s.<\/p>\n","protected":false},"excerpt":{"rendered":"<p>Nat\u016bralus smilkalai, pagaminti rankomis Bali saloje, palaiminti Lietuvai Balio \u0161ventiko. Vien\u0105 lazdel\u0119 smilksta iki 5 val. Pakelyje yra 5 lazdel\u0117s.<\/p>\n","protected":false},"featured_media":1216,"template":"","meta":[],"product_brand":[],"product_cat":[41],"product_tag":[],"class_list":{"0":"post-1215","1":"product","2":"type-product","3":"status-publish","4":"has-post-thumbnail","6":"product_cat-smilkalai-sandalmedzio-agarmedzio-medaus-geliu","8":"first","9":"instock","10":"taxable","11":"shipping-taxable","12":"purchasable","13":"product-type-simple"},"_links":{"self":[{"href":"https:\/\/balilight.lt\/index.php?rest_route=\/wp\/v2\/product\/1215","targetHints":{"allow":["GET"]}}],"collection":[{"href":"https:\/\/balilight.lt\/index.php?rest_route=\/wp\/v2\/product"}],"about":[{"href":"https:\/\/balilight.lt\/index.php?rest_route=\/wp\/v2\/types\/product"}],"wp:featuredmedia":[{"embeddable":true,"href":"https:\/\/balilight.lt\/index.php?rest_route=\/wp\/v2\/media\/1216"}],"wp:attachment":[{"href":"https:\/\/balilight.lt\/index.php?rest_route=%2Fwp%2Fv2%2Fmedia&parent=1215"}],"wp:term":[{"taxonomy":"product_brand","embeddable":true,"href":"https:\/\/balilight.lt\/index.php?rest_route=%2Fwp%2Fv2%2Fproduct_brand&post=1215"},{"taxonomy":"product_cat","embeddable":true,"href":"https:\/\/balilight.lt\/index.php?rest_route=%2Fwp%2Fv2%2Fproduct_cat&post=1215"},{"taxonomy":"product_tag","embeddable":true,"href":"https:\/\/balilight.lt\/index.php?rest_route=%2Fwp%2Fv2%2Fproduct_tag&post=1215"}],"curies":[{"name":"wp","href":"https:\/\/api.w.org\/{rel}","templated":true}]}}