{"id":1210,"date":"2022-06-29T12:11:16","date_gmt":"2022-06-29T09:11:16","guid":{"rendered":"https:\/\/balilight.lt\/?post_type=product&#038;p=1210"},"modified":"2026-02-25T17:26:26","modified_gmt":"2026-02-25T15:26:26","slug":"jazmino-kvapo-smilkalas","status":"publish","type":"product","link":"https:\/\/balilight.lt\/?product=jazmino-kvapo-smilkalas","title":{"rendered":"Gardenijos kvapo smilkalas"},"content":{"rendered":"<p>Nat\u016bralus smilkalai, pagaminti rankomis Bali saloje, palaiminti Lietuvai Balio \u0161ventiko.<br \/>\nVien\u0105 lazdel\u0119 smilksta iki 5 val.<br \/>\nPakelyje yra 5 lazdel\u0117s.<\/p>\n<p>&nbsp;<\/p>\n","protected":false},"excerpt":{"rendered":"<p>Nat\u016bralus smilkalai, pagaminti rankomis Bali saloje, palaiminti Lietuvai Balio \u0161ventiko. Vien\u0105 lazdel\u0119 smilksta iki 5 val. Pakelyje yra 5 lazdel\u0117s. &nbsp;<\/p>\n","protected":false},"featured_media":1211,"template":"","meta":[],"product_brand":[],"product_cat":[41],"product_tag":[],"class_list":{"0":"post-1210","1":"product","2":"type-product","3":"status-publish","4":"has-post-thumbnail","6":"product_cat-smilkalai-sandalmedzio-agarmedzio-medaus-geliu","8":"first","9":"instock","10":"taxable","11":"shipping-taxable","12":"purchasable","13":"product-type-simple"},"_links":{"self":[{"href":"https:\/\/balilight.lt\/index.php?rest_route=\/wp\/v2\/product\/1210","targetHints":{"allow":["GET"]}}],"collection":[{"href":"https:\/\/balilight.lt\/index.php?rest_route=\/wp\/v2\/product"}],"about":[{"href":"https:\/\/balilight.lt\/index.php?rest_route=\/wp\/v2\/types\/product"}],"wp:featuredmedia":[{"embeddable":true,"href":"https:\/\/balilight.lt\/index.php?rest_route=\/wp\/v2\/media\/1211"}],"wp:attachment":[{"href":"https:\/\/balilight.lt\/index.php?rest_route=%2Fwp%2Fv2%2Fmedia&parent=1210"}],"wp:term":[{"taxonomy":"product_brand","embeddable":true,"href":"https:\/\/balilight.lt\/index.php?rest_route=%2Fwp%2Fv2%2Fproduct_brand&post=1210"},{"taxonomy":"product_cat","embeddable":true,"href":"https:\/\/balilight.lt\/index.php?rest_route=%2Fwp%2Fv2%2Fproduct_cat&post=1210"},{"taxonomy":"product_tag","embeddable":true,"href":"https:\/\/balilight.lt\/index.php?rest_route=%2Fwp%2Fv2%2Fproduct_tag&post=1210"}],"curies":[{"name":"wp","href":"https:\/\/api.w.org\/{rel}","templated":true}]}}