{"id":1183,"date":"2022-06-07T15:49:41","date_gmt":"2022-06-07T12:49:41","guid":{"rendered":"https:\/\/balilight.lt\/?post_type=product&#038;p=1183"},"modified":"2026-01-22T19:37:43","modified_gmt":"2026-01-22T17:37:43","slug":"lenktas-ratano-sviestuvas","status":"publish","type":"product","link":"https:\/\/balilight.lt\/?product=lenktas-ratano-sviestuvas","title":{"rendered":"Lenktas ratano \u0161viestuvas"},"content":{"rendered":"<p>Kosmi\u0161kai gra\u017eus nat\u016bralaus ratano \u0161viestuvas.<br \/>\nAuk\u0161tis apie 50 cm, skersmuo 60 cm<\/p>\n","protected":false},"excerpt":{"rendered":"<p>Kosmi\u0161kai gra\u017eus nat\u016bralaus ratano \u0161viestuvas. Auk\u0161tis apie 50 cm, skersmuo 60 cm<\/p>\n","protected":false},"featured_media":1190,"template":"","meta":[],"product_brand":[],"product_cat":[19],"product_tag":[],"class_list":{"0":"post-1183","1":"product","2":"type-product","3":"status-publish","4":"has-post-thumbnail","6":"product_cat-sviestuvai-tikmedzio-boho-ratano","8":"first","9":"outofstock","10":"taxable","11":"shipping-taxable","12":"purchasable","13":"product-type-simple"},"_links":{"self":[{"href":"https:\/\/balilight.lt\/index.php?rest_route=\/wp\/v2\/product\/1183","targetHints":{"allow":["GET"]}}],"collection":[{"href":"https:\/\/balilight.lt\/index.php?rest_route=\/wp\/v2\/product"}],"about":[{"href":"https:\/\/balilight.lt\/index.php?rest_route=\/wp\/v2\/types\/product"}],"wp:featuredmedia":[{"embeddable":true,"href":"https:\/\/balilight.lt\/index.php?rest_route=\/wp\/v2\/media\/1190"}],"wp:attachment":[{"href":"https:\/\/balilight.lt\/index.php?rest_route=%2Fwp%2Fv2%2Fmedia&parent=1183"}],"wp:term":[{"taxonomy":"product_brand","embeddable":true,"href":"https:\/\/balilight.lt\/index.php?rest_route=%2Fwp%2Fv2%2Fproduct_brand&post=1183"},{"taxonomy":"product_cat","embeddable":true,"href":"https:\/\/balilight.lt\/index.php?rest_route=%2Fwp%2Fv2%2Fproduct_cat&post=1183"},{"taxonomy":"product_tag","embeddable":true,"href":"https:\/\/balilight.lt\/index.php?rest_route=%2Fwp%2Fv2%2Fproduct_tag&post=1183"}],"curies":[{"name":"wp","href":"https:\/\/api.w.org\/{rel}","templated":true}]}}