{"id":1174,"date":"2022-06-07T15:34:08","date_gmt":"2022-06-07T12:34:08","guid":{"rendered":"https:\/\/balilight.lt\/?post_type=product&#038;p=1174"},"modified":"2026-01-23T10:50:29","modified_gmt":"2026-01-23T08:50:29","slug":"ratano-ir-tikmedzio-karoliuku-sviestuvas","status":"publish","type":"product","link":"https:\/\/balilight.lt\/?product=ratano-ir-tikmedzio-karoliuku-sviestuvas","title":{"rendered":"Ratano ir tikmed\u017eio karoliuk\u0173 \u0161viestuvas"},"content":{"rendered":"<p>Pasaki\u0161kai gra\u017eus nat\u016bralaus, rankomis pintas ratano ir tikmed\u017eio karoliuk\u0173 \u0161viestuvas.<br \/>\nDviej\u0173 dyd\u017ei\u0173.<\/p>\n<p>Ma\u017eas &#8211; auk\u0161tis 45 cm, skersmuo 40 cm<br \/>\nDidesnis &#8211; auk\u0161tis 55 cm, skersmuo 50 cm<\/p>\n<p>Pastaba: Visi \u0161viestuvai parduodami be elektros \u012frangos laid\u0173.<\/p>\n","protected":false},"excerpt":{"rendered":"<p>Pasaki\u0161kai gra\u017eus nat\u016bralaus, rankomis pintas ratano ir tikmed\u017eio karoliuk\u0173 \u0161viestuvas. Dviej\u0173 dyd\u017ei\u0173. Ma\u017eas &#8211; auk\u0161tis 45 cm, skersmuo 40 cm Didesnis &#8211; auk\u0161tis 55&#8230;<\/p>\n","protected":false},"featured_media":1175,"template":"","meta":[],"product_brand":[],"product_cat":[46,19],"product_tag":[],"class_list":{"0":"post-1174","1":"product","2":"type-product","3":"status-publish","4":"has-post-thumbnail","6":"product_cat-ispardavimai","7":"product_cat-sviestuvai-tikmedzio-boho-ratano","9":"first","10":"instock","11":"sale","12":"taxable","13":"shipping-taxable","14":"purchasable","15":"product-type-variable"},"_links":{"self":[{"href":"https:\/\/balilight.lt\/index.php?rest_route=\/wp\/v2\/product\/1174","targetHints":{"allow":["GET"]}}],"collection":[{"href":"https:\/\/balilight.lt\/index.php?rest_route=\/wp\/v2\/product"}],"about":[{"href":"https:\/\/balilight.lt\/index.php?rest_route=\/wp\/v2\/types\/product"}],"wp:featuredmedia":[{"embeddable":true,"href":"https:\/\/balilight.lt\/index.php?rest_route=\/wp\/v2\/media\/1175"}],"wp:attachment":[{"href":"https:\/\/balilight.lt\/index.php?rest_route=%2Fwp%2Fv2%2Fmedia&parent=1174"}],"wp:term":[{"taxonomy":"product_brand","embeddable":true,"href":"https:\/\/balilight.lt\/index.php?rest_route=%2Fwp%2Fv2%2Fproduct_brand&post=1174"},{"taxonomy":"product_cat","embeddable":true,"href":"https:\/\/balilight.lt\/index.php?rest_route=%2Fwp%2Fv2%2Fproduct_cat&post=1174"},{"taxonomy":"product_tag","embeddable":true,"href":"https:\/\/balilight.lt\/index.php?rest_route=%2Fwp%2Fv2%2Fproduct_tag&post=1174"}],"curies":[{"name":"wp","href":"https:\/\/api.w.org\/{rel}","templated":true}]}}