{"id":1169,"date":"2022-06-07T15:17:23","date_gmt":"2022-06-07T12:17:23","guid":{"rendered":"https:\/\/balilight.lt\/?post_type=product&#038;p=1169"},"modified":"2026-01-22T19:38:11","modified_gmt":"2026-01-22T17:38:11","slug":"sijoninis-ratano-sviestuvas","status":"publish","type":"product","link":"https:\/\/balilight.lt\/?product=sijoninis-ratano-sviestuvas","title":{"rendered":"Sijoninis ratano \u0161viestuvas"},"content":{"rendered":"<p>Nat\u016bralaus ratano \u0161viestuvas trij\u0173 sluoksni\u0173 tarsi sijon\u0173 \u0161viestuvas. Pintas ratanas rankomis Balio saloje.<\/p>\n<p>Auk\u0161tis 50 cm, per pla\u010diausia vieta 60 cm<\/p>\n<p>Pastaba: Visi \u0161viestuvai parduodami be elektros \u012frangos laid\u0173.<\/p>\n","protected":false},"excerpt":{"rendered":"<p>Nat\u016bralaus ratano \u0161viestuvas trij\u0173 sluoksni\u0173 tarsi sijon\u0173 \u0161viestuvas. Pintas ratanas rankomis Balio saloje. Auk\u0161tis 50 cm, per pla\u010diausia vieta 60 cm Pastaba: Visi \u0161viestuvai&#8230;<\/p>\n","protected":false},"featured_media":1171,"template":"","meta":[],"product_brand":[],"product_cat":[19],"product_tag":[],"class_list":{"0":"post-1169","1":"product","2":"type-product","3":"status-publish","4":"has-post-thumbnail","6":"product_cat-sviestuvai-tikmedzio-boho-ratano","8":"first","9":"outofstock","10":"taxable","11":"shipping-taxable","12":"purchasable","13":"product-type-simple"},"_links":{"self":[{"href":"https:\/\/balilight.lt\/index.php?rest_route=\/wp\/v2\/product\/1169","targetHints":{"allow":["GET"]}}],"collection":[{"href":"https:\/\/balilight.lt\/index.php?rest_route=\/wp\/v2\/product"}],"about":[{"href":"https:\/\/balilight.lt\/index.php?rest_route=\/wp\/v2\/types\/product"}],"wp:featuredmedia":[{"embeddable":true,"href":"https:\/\/balilight.lt\/index.php?rest_route=\/wp\/v2\/media\/1171"}],"wp:attachment":[{"href":"https:\/\/balilight.lt\/index.php?rest_route=%2Fwp%2Fv2%2Fmedia&parent=1169"}],"wp:term":[{"taxonomy":"product_brand","embeddable":true,"href":"https:\/\/balilight.lt\/index.php?rest_route=%2Fwp%2Fv2%2Fproduct_brand&post=1169"},{"taxonomy":"product_cat","embeddable":true,"href":"https:\/\/balilight.lt\/index.php?rest_route=%2Fwp%2Fv2%2Fproduct_cat&post=1169"},{"taxonomy":"product_tag","embeddable":true,"href":"https:\/\/balilight.lt\/index.php?rest_route=%2Fwp%2Fv2%2Fproduct_tag&post=1169"}],"curies":[{"name":"wp","href":"https:\/\/api.w.org\/{rel}","templated":true}]}}