{"id":1110,"date":"2022-06-02T17:44:41","date_gmt":"2022-06-02T14:44:41","guid":{"rendered":"https:\/\/balilight.lt\/?post_type=product&#038;p=1110"},"modified":"2026-01-23T10:53:53","modified_gmt":"2026-01-23T08:53:53","slug":"ratano-sviestuvas-klostuotas","status":"publish","type":"product","link":"https:\/\/balilight.lt\/?product=ratano-sviestuvas-klostuotas","title":{"rendered":"Ratano \u0161viestuvas Klostuotas"},"content":{"rendered":"<p>Nat\u016bralaus ratano \u0161viestuvas, pagamintas rankomis Balio saloje.<br \/>\nRatano \u0161viestuvai padaro nuostabius \u0161e\u0161\u0117lius ant lub\u0173 ir sien\u0173.<br \/>\nAuk\u0161tis 48cm, plotis per pla\u010diausia klost\u0117 50 cm<\/p>\n","protected":false},"excerpt":{"rendered":"<p>Nat\u016bralaus ratano \u0161viestuvas, pagamintas rankomis Balio saloje. Ratano \u0161viestuvai padaro nuostabius \u0161e\u0161\u0117lius ant lub\u0173 ir sien\u0173. Auk\u0161tis 48cm, plotis per pla\u010diausia klost\u0117 50 cm<\/p>\n","protected":false},"featured_media":1112,"template":"","meta":[],"product_brand":[],"product_cat":[19],"product_tag":[],"class_list":{"0":"post-1110","1":"product","2":"type-product","3":"status-publish","4":"has-post-thumbnail","6":"product_cat-sviestuvai-tikmedzio-boho-ratano","8":"first","9":"instock","10":"sale","11":"taxable","12":"shipping-taxable","13":"purchasable","14":"product-type-simple"},"_links":{"self":[{"href":"https:\/\/balilight.lt\/index.php?rest_route=\/wp\/v2\/product\/1110","targetHints":{"allow":["GET"]}}],"collection":[{"href":"https:\/\/balilight.lt\/index.php?rest_route=\/wp\/v2\/product"}],"about":[{"href":"https:\/\/balilight.lt\/index.php?rest_route=\/wp\/v2\/types\/product"}],"wp:featuredmedia":[{"embeddable":true,"href":"https:\/\/balilight.lt\/index.php?rest_route=\/wp\/v2\/media\/1112"}],"wp:attachment":[{"href":"https:\/\/balilight.lt\/index.php?rest_route=%2Fwp%2Fv2%2Fmedia&parent=1110"}],"wp:term":[{"taxonomy":"product_brand","embeddable":true,"href":"https:\/\/balilight.lt\/index.php?rest_route=%2Fwp%2Fv2%2Fproduct_brand&post=1110"},{"taxonomy":"product_cat","embeddable":true,"href":"https:\/\/balilight.lt\/index.php?rest_route=%2Fwp%2Fv2%2Fproduct_cat&post=1110"},{"taxonomy":"product_tag","embeddable":true,"href":"https:\/\/balilight.lt\/index.php?rest_route=%2Fwp%2Fv2%2Fproduct_tag&post=1110"}],"curies":[{"name":"wp","href":"https:\/\/api.w.org\/{rel}","templated":true}]}}