{"id":1107,"date":"2022-06-02T17:26:56","date_gmt":"2022-06-02T14:26:56","guid":{"rendered":"https:\/\/balilight.lt\/?post_type=product&#038;p=1107"},"modified":"2026-01-23T11:22:34","modified_gmt":"2026-01-23T09:22:34","slug":"lovugalis-pavasaris","status":"publish","type":"product","link":"https:\/\/balilight.lt\/?product=lovugalis-pavasaris","title":{"rendered":"Lovugalis Pavasaris"},"content":{"rendered":"<p>Lovugalis Pavasaris, naujas modelis, pagamintas Bali saloje, vietini\u0173 amatinink\u0173 rankomis.<\/p>\n<p>Plotis koj\u0173 160 cm, plotis per pla\u010diausia viet\u0105 180 cm, auk\u0161tis 150 cm<\/p>\n","protected":false},"excerpt":{"rendered":"<p>Lovugalis Pavasaris, naujas modelis, pagamintas Bali saloje, vietini\u0173 amatinink\u0173 rankomis. Plotis koj\u0173 160 cm, plotis per pla\u010diausia viet\u0105 180 cm, auk\u0161tis 150 cm<\/p>\n","protected":false},"featured_media":1108,"template":"","meta":[],"product_brand":[],"product_cat":[26],"product_tag":[],"class_list":{"0":"post-1107","1":"product","2":"type-product","3":"status-publish","4":"has-post-thumbnail","6":"product_cat-bali-baldai-tikmedzio","8":"first","9":"instock","10":"sale","11":"taxable","12":"shipping-taxable","13":"purchasable","14":"product-type-simple"},"_links":{"self":[{"href":"https:\/\/balilight.lt\/index.php?rest_route=\/wp\/v2\/product\/1107","targetHints":{"allow":["GET"]}}],"collection":[{"href":"https:\/\/balilight.lt\/index.php?rest_route=\/wp\/v2\/product"}],"about":[{"href":"https:\/\/balilight.lt\/index.php?rest_route=\/wp\/v2\/types\/product"}],"wp:featuredmedia":[{"embeddable":true,"href":"https:\/\/balilight.lt\/index.php?rest_route=\/wp\/v2\/media\/1108"}],"wp:attachment":[{"href":"https:\/\/balilight.lt\/index.php?rest_route=%2Fwp%2Fv2%2Fmedia&parent=1107"}],"wp:term":[{"taxonomy":"product_brand","embeddable":true,"href":"https:\/\/balilight.lt\/index.php?rest_route=%2Fwp%2Fv2%2Fproduct_brand&post=1107"},{"taxonomy":"product_cat","embeddable":true,"href":"https:\/\/balilight.lt\/index.php?rest_route=%2Fwp%2Fv2%2Fproduct_cat&post=1107"},{"taxonomy":"product_tag","embeddable":true,"href":"https:\/\/balilight.lt\/index.php?rest_route=%2Fwp%2Fv2%2Fproduct_tag&post=1107"}],"curies":[{"name":"wp","href":"https:\/\/api.w.org\/{rel}","templated":true}]}}