{"id":1090,"date":"2022-06-02T17:03:08","date_gmt":"2022-06-02T14:03:08","guid":{"rendered":"https:\/\/balilight.lt\/?post_type=product&#038;p=1090"},"modified":"2023-08-29T20:21:07","modified_gmt":"2023-08-29T17:21:07","slug":"jurzoles-kilimai-150cm","status":"publish","type":"product","link":"https:\/\/balilight.lt\/?product=jurzoles-kilimai-150cm","title":{"rendered":"J\u016br\u017eol\u0117s kilimai 150cm"},"content":{"rendered":"<p>Skirting\u0173 ra\u0161t\u0173, skersmuo 150 cm<br \/>\nJ\u016br\u017eol\u0117 ir d\u017eiutas, nebijo dr\u0117gmes, gali b\u016bti vonioje, terasoje, koridoriuje.<\/p>\n","protected":false},"excerpt":{"rendered":"<p>Skirting\u0173 ra\u0161t\u0173, skersmuo 150 cm J\u016br\u017eol\u0117 ir d\u017eiutas, nebijo dr\u0117gmes, gali b\u016bti vonioje, terasoje, koridoriuje.<\/p>\n","protected":false},"featured_media":1809,"template":"","meta":[],"product_brand":[],"product_cat":[33,29],"product_tag":[],"class_list":{"0":"post-1090","1":"product","2":"type-product","3":"status-publish","4":"has-post-thumbnail","6":"product_cat-dekoro-detales","7":"product_cat-interjero-detales","9":"first","10":"instock","11":"taxable","12":"shipping-taxable","13":"purchasable","14":"product-type-variable"},"_links":{"self":[{"href":"https:\/\/balilight.lt\/index.php?rest_route=\/wp\/v2\/product\/1090","targetHints":{"allow":["GET"]}}],"collection":[{"href":"https:\/\/balilight.lt\/index.php?rest_route=\/wp\/v2\/product"}],"about":[{"href":"https:\/\/balilight.lt\/index.php?rest_route=\/wp\/v2\/types\/product"}],"wp:featuredmedia":[{"embeddable":true,"href":"https:\/\/balilight.lt\/index.php?rest_route=\/wp\/v2\/media\/1809"}],"wp:attachment":[{"href":"https:\/\/balilight.lt\/index.php?rest_route=%2Fwp%2Fv2%2Fmedia&parent=1090"}],"wp:term":[{"taxonomy":"product_brand","embeddable":true,"href":"https:\/\/balilight.lt\/index.php?rest_route=%2Fwp%2Fv2%2Fproduct_brand&post=1090"},{"taxonomy":"product_cat","embeddable":true,"href":"https:\/\/balilight.lt\/index.php?rest_route=%2Fwp%2Fv2%2Fproduct_cat&post=1090"},{"taxonomy":"product_tag","embeddable":true,"href":"https:\/\/balilight.lt\/index.php?rest_route=%2Fwp%2Fv2%2Fproduct_tag&post=1090"}],"curies":[{"name":"wp","href":"https:\/\/api.w.org\/{rel}","templated":true}]}}