{"id":1081,"date":"2022-06-02T16:56:01","date_gmt":"2022-06-02T13:56:01","guid":{"rendered":"https:\/\/balilight.lt\/?post_type=product&#038;p=1081"},"modified":"2023-07-20T16:37:20","modified_gmt":"2023-07-20T13:37:20","slug":"sienos-dekoracijos-bananu-lapai-ir-raffia","status":"publish","type":"product","link":"https:\/\/balilight.lt\/?product=sienos-dekoracijos-bananu-lapai-ir-raffia","title":{"rendered":"Sienos dekoracijos banan\u0173 lapai ir raffia"},"content":{"rendered":"<p>Gra\u017eios sienos dekoracijos i\u0161 banan\u0173 lap\u0173 ir raffia.<br \/>\nTrij\u0173 skirting\u0173 form\u0173, vis\u0173 dyd\u017eiai apie 50-55 cm<\/p>\n","protected":false},"excerpt":{"rendered":"<p>Gra\u017eios sienos dekoracijos i\u0161 banan\u0173 lap\u0173 ir raffia. Trij\u0173 skirting\u0173 form\u0173, vis\u0173 dyd\u017eiai apie 50-55 cm<\/p>\n","protected":false},"featured_media":1085,"template":"","meta":[],"product_brand":[],"product_cat":[33,29],"product_tag":[],"class_list":{"0":"post-1081","1":"product","2":"type-product","3":"status-publish","4":"has-post-thumbnail","6":"product_cat-dekoro-detales","7":"product_cat-interjero-detales","9":"first","10":"instock","11":"taxable","12":"shipping-taxable","13":"purchasable","14":"product-type-variable"},"_links":{"self":[{"href":"https:\/\/balilight.lt\/index.php?rest_route=\/wp\/v2\/product\/1081","targetHints":{"allow":["GET"]}}],"collection":[{"href":"https:\/\/balilight.lt\/index.php?rest_route=\/wp\/v2\/product"}],"about":[{"href":"https:\/\/balilight.lt\/index.php?rest_route=\/wp\/v2\/types\/product"}],"wp:featuredmedia":[{"embeddable":true,"href":"https:\/\/balilight.lt\/index.php?rest_route=\/wp\/v2\/media\/1085"}],"wp:attachment":[{"href":"https:\/\/balilight.lt\/index.php?rest_route=%2Fwp%2Fv2%2Fmedia&parent=1081"}],"wp:term":[{"taxonomy":"product_brand","embeddable":true,"href":"https:\/\/balilight.lt\/index.php?rest_route=%2Fwp%2Fv2%2Fproduct_brand&post=1081"},{"taxonomy":"product_cat","embeddable":true,"href":"https:\/\/balilight.lt\/index.php?rest_route=%2Fwp%2Fv2%2Fproduct_cat&post=1081"},{"taxonomy":"product_tag","embeddable":true,"href":"https:\/\/balilight.lt\/index.php?rest_route=%2Fwp%2Fv2%2Fproduct_tag&post=1081"}],"curies":[{"name":"wp","href":"https:\/\/api.w.org\/{rel}","templated":true}]}}