{"id":1068,"date":"2022-06-02T13:07:07","date_gmt":"2022-06-02T10:07:07","guid":{"rendered":"https:\/\/balilight.lt\/?post_type=product&#038;p=1068"},"modified":"2024-05-28T14:38:33","modified_gmt":"2024-05-28T11:38:33","slug":"sienos-dekoracija-lekstes","status":"publish","type":"product","link":"https:\/\/balilight.lt\/?product=sienos-dekoracija-lekstes","title":{"rendered":"Sienos dekoracija L\u0117k\u0161tes"},"content":{"rendered":"<p>Nuostabios sienos dekoracijos i\u0161 banan\u0173 lap\u0173 ir medviln\u0117s si\u016blo.<br \/>\nYra trij\u0173 skirting\u0173 dyd\u017ei\u0173, labai gra\u017eiai atrodo visos tris pakabintos skirtingame auk\u0161tyje.<br \/>\nDidel\u0117 skersmuo 60 cm<br \/>\nVidutin\u0117 skersmuo 50 cm<br \/>\nMa\u017ea skersmuo 40 cm<\/p>\n","protected":false},"excerpt":{"rendered":"<p>Nuostabios sienos dekoracijos i\u0161 banan\u0173 lap\u0173 ir medviln\u0117s si\u016blo. Yra trij\u0173 skirting\u0173 dyd\u017ei\u0173, labai gra\u017eiai atrodo visos tris pakabintos skirtingame auk\u0161tyje. Didel\u0117 skersmuo 60&#8230;<\/p>\n","protected":false},"featured_media":1069,"template":"","meta":[],"product_brand":[],"product_cat":[33,29],"product_tag":[],"class_list":{"0":"post-1068","1":"product","2":"type-product","3":"status-publish","4":"has-post-thumbnail","6":"product_cat-dekoro-detales","7":"product_cat-interjero-detales","9":"first","10":"instock","11":"taxable","12":"shipping-taxable","13":"purchasable","14":"product-type-variable"},"_links":{"self":[{"href":"https:\/\/balilight.lt\/index.php?rest_route=\/wp\/v2\/product\/1068","targetHints":{"allow":["GET"]}}],"collection":[{"href":"https:\/\/balilight.lt\/index.php?rest_route=\/wp\/v2\/product"}],"about":[{"href":"https:\/\/balilight.lt\/index.php?rest_route=\/wp\/v2\/types\/product"}],"wp:featuredmedia":[{"embeddable":true,"href":"https:\/\/balilight.lt\/index.php?rest_route=\/wp\/v2\/media\/1069"}],"wp:attachment":[{"href":"https:\/\/balilight.lt\/index.php?rest_route=%2Fwp%2Fv2%2Fmedia&parent=1068"}],"wp:term":[{"taxonomy":"product_brand","embeddable":true,"href":"https:\/\/balilight.lt\/index.php?rest_route=%2Fwp%2Fv2%2Fproduct_brand&post=1068"},{"taxonomy":"product_cat","embeddable":true,"href":"https:\/\/balilight.lt\/index.php?rest_route=%2Fwp%2Fv2%2Fproduct_cat&post=1068"},{"taxonomy":"product_tag","embeddable":true,"href":"https:\/\/balilight.lt\/index.php?rest_route=%2Fwp%2Fv2%2Fproduct_tag&post=1068"}],"curies":[{"name":"wp","href":"https:\/\/api.w.org\/{rel}","templated":true}]}}