{"id":1002,"date":"2022-06-01T17:42:44","date_gmt":"2022-06-01T14:42:44","guid":{"rendered":"https:\/\/balilight.lt\/?post_type=product&#038;p=1002"},"modified":"2025-12-19T13:40:09","modified_gmt":"2025-12-19T11:40:09","slug":"tikmedzio-veidrodis","status":"publish","type":"product","link":"https:\/\/balilight.lt\/?product=tikmedzio-veidrodis","title":{"rendered":"Tikmed\u017eio veidrodis"},"content":{"rendered":"<p>Tinka \u012f koridorius, vonias ir kitas erdv\u0117s, puo\u0161ia bei didina erdv\u0117.<\/p>\n<p>Gali b\u016bti kabinamas horizontaliai arba vertikaliai.<\/p>\n<p>Auk\u0161tis 80cm, plotis 60cm, veidrod\u017eio stiklo auk\u0161tis 60cm, plotis 40cm<\/p>\n","protected":false},"excerpt":{"rendered":"<p>Tinka \u012f koridorius, vonias ir kitas erdv\u0117s, puo\u0161ia bei didina erdv\u0117. Gali b\u016bti kabinamas horizontaliai arba vertikaliai. Auk\u0161tis 80cm, plotis 60cm, veidrod\u017eio stiklo auk\u0161tis&#8230;<\/p>\n","protected":false},"featured_media":1004,"template":"","meta":[],"product_brand":[],"product_cat":[29,21],"product_tag":[],"class_list":{"0":"post-1002","1":"product","2":"type-product","3":"status-publish","4":"has-post-thumbnail","6":"product_cat-interjero-detales","7":"product_cat-veidrodziai-raffia-tikmedzio","9":"first","10":"instock","11":"taxable","12":"shipping-taxable","13":"purchasable","14":"product-type-simple"},"_links":{"self":[{"href":"https:\/\/balilight.lt\/index.php?rest_route=\/wp\/v2\/product\/1002","targetHints":{"allow":["GET"]}}],"collection":[{"href":"https:\/\/balilight.lt\/index.php?rest_route=\/wp\/v2\/product"}],"about":[{"href":"https:\/\/balilight.lt\/index.php?rest_route=\/wp\/v2\/types\/product"}],"wp:featuredmedia":[{"embeddable":true,"href":"https:\/\/balilight.lt\/index.php?rest_route=\/wp\/v2\/media\/1004"}],"wp:attachment":[{"href":"https:\/\/balilight.lt\/index.php?rest_route=%2Fwp%2Fv2%2Fmedia&parent=1002"}],"wp:term":[{"taxonomy":"product_brand","embeddable":true,"href":"https:\/\/balilight.lt\/index.php?rest_route=%2Fwp%2Fv2%2Fproduct_brand&post=1002"},{"taxonomy":"product_cat","embeddable":true,"href":"https:\/\/balilight.lt\/index.php?rest_route=%2Fwp%2Fv2%2Fproduct_cat&post=1002"},{"taxonomy":"product_tag","embeddable":true,"href":"https:\/\/balilight.lt\/index.php?rest_route=%2Fwp%2Fv2%2Fproduct_tag&post=1002"}],"curies":[{"name":"wp","href":"https:\/\/api.w.org\/{rel}","templated":true}]}}