{"id":715,"date":"2022-02-22T13:32:00","date_gmt":"2022-02-22T13:32:00","guid":{"rendered":"https:\/\/balilight.lt\/?page_id=715"},"modified":"2022-10-14T16:47:22","modified_gmt":"2022-10-14T13:47:22","slug":"pristatymo-ir-grazinimo-salygos","status":"publish","type":"page","link":"https:\/\/balilight.lt\/?page_id=715","title":{"rendered":"Pristatymo ir gr\u0105\u017einimo s\u0105lygos"},"content":{"rendered":"\n<ol class=\"wp-block-list\"><li>Vilniuje ir Vilniaus rajone baldus pristatome nemokamai.<br>1.1 Pardav\u0117jo tikslas \u2013 per 3-5 darbo dienas nuo preki\u0173 apmok\u0117jimo Pirk\u0117jo u\u017esakytas prekes perduoti siunt\u0173 gabenimo tarnybai arba pristatyti patiems.<br>1.2. Siunt\u0173 gabenimo tarnyba \u012fsigytas prekes Pirk\u0117jo nurodytu adresu pristato:<br>1.2.1. per 2-3 darbo dienas, jei prek\u0117s pristatomos Lietuvoje;<br>1.2.2. d\u0117l Kit\u0173 \u0161ali\u0173 teirautis telefonu ar elektroniniu pa\u0161tu info@balilight.lt<br>1.3. Preki\u0173 pristatymo paslaugas teikianti bendrov\u0117: UAB Venipak Lietuva, UAB LPexpress ir kitos;<br>1.4. U\u017esakymai ne Vilniuje ir Vilniaus rajone bus i\u0161siun\u010diami per bendrov\u0119, UAB Venipak Lietuva arba kitas kurjerio paslaugas teikian\u010dias bendrov\u0117s, arba Pardav\u0117jo pristatyti u\u017esakyme nurodytu adresu.<br>1.5. Visa informacija apie kurjeri\u0173 paslaugas ir darbo valandas (pristatymo laik\u0105) yra nurodyta j\u0173 interneto svetain\u0117je, kurioje yra kiekvienai \u0161aliai, kurioje bendrov\u0117s vykdo savo veikl\u0105, skirtas atskiras tinklalapis.<\/li><\/ol>\n\n\n\n<p>Preki\u0173 gr\u0105\u017einimas<br>Jei pra\u0117jo daugiau kaip 30 dien\u0173 nuo tada, kai gavote, pirkote produkt\u0105, gr\u0105\u017einimai ar keitimai yra negalimi.<\/p>\n\n\n\n<p>Norint gr\u0105\u017einti produkt\u0105, jis turi b\u016bti nepanaudotas ir originalioje pakuot\u0117je. Dovan\u0173 kuponai negali b\u016bti gr\u0105\u017einti ar i\u0161keisti \u012f pinigus.<\/p>\n\n\n\n<p>Gr\u0105\u017einimo metu galime papra\u0161yti s\u0105skaitos (tinka ir elektronin\u0117 versija), j\u016bs\u0173 el. pa\u0161to bei u\u017esakymo numerio.<\/p>\n\n\n\n<p>Kai kuriais atvejais galime suteikti tik dalin\u012f pinig\u0173 gr\u0105\u017einim\u0105:<br>1) Jei produktas yra pa\u017eeistas ar ka\u017ekaip kitaip apgadintas;<br>2) Produktas buvo gr\u0105\u017eintas su nevisomis detal\u0117mis;<br>4) Produktas buvo gr\u0105\u017eintas v\u0117liau nei po 30 dien\u0173 (ta\u010diau ne v\u0117liau negu 40 dien\u0173).<\/p>\n\n\n\n<p>Pinig\u0173 gr\u0105\u017einimas<br>Kai daiktas bus gr\u0105\u017eintas, tuoj pat j\u012f ap\u017ei\u016br\u0117sime ir prane\u0161ime ar gr\u0105\u017einsime piln\u0105 sum\u0105, dalin\u0119 sum\u0105 ar gr\u0105\u017einimas i\u0161vis negalimas.<br>Jei produktas buvo gr\u0105\u017eintas grei\u010diau nei per 30 dien\u0173, nuo produkto \u012fsigijimo, produktas yra orginalioje pakuot\u0117je ir nebuvo naudotas, tai gr\u0105\u017einsime Jums pilnai \u012fmok\u0117t\u0105 sum\u0105 per kelias darbo dienas, pagal bank\u0173 pavedimo laikus.<\/p>\n\n\n\n<p>V\u0117luojantys pinig\u0173 gr\u0105\u017einimai<br>Prad\u017eioje pra\u0161ome patikrinti savo s\u0105skait\u0105, jei gr\u0105\u017einimo nematote, pra\u0161ome susisiekti su mumis el. pa\u0161tu\u00a0info@balilight.lt<br>Paprastai pinigai gr\u012f\u017eta kaip bankinis pavedimas per 5 \u2013 10 darbo dien\u0173.<\/p>\n\n\n\n<p>Produktai su nuolaidomis<br>Produktams per i\u0161pardavimus, nuolaidas gr\u0105\u017einimo garantijos netaikomos.<\/p>\n\n\n\n<p>Produkto keitimas<br>Kei\u010diame daiktus tik tuo atveju, jei daiktas yra sugadintas ar turi defekt\u0173 ir nuo jo \u012fsigyjimo pra\u0117jo ne daugiau negu 30 dien\u0173.<\/p>\n\n\n\n<p>Dovanos<br>Jei produktas buvo \u012fsigytas naudojantis dovan\u0173 kuponu, tai gr\u0105\u017einimas \u012fmanomas tik dovan\u0173 kupono pavidalu.<\/p>\n\n\n\n<p>Gr\u0105\u017einimas<br>Jei norite gr\u0105\u017einti produkt\u0105, susisiekite su mumis el. pa\u0161tu&nbsp;info@balilight.lt&nbsp;<\/p>\n\n\n\n<p>Gr\u0105\u017einant produktus, J\u016bs tur\u0117site padengti siuntimo i\u0161laidas, u\u017e siuntim\u0105 pinigai n\u0117ra gr\u0105\u017einami. Darant gr\u0105\u017einim\u0105, kurio vert\u0117 yra didesn\u0117 nei 60 eur\u0173, rekomenduojame apdrausti ir pasirinkti siuntimo b\u016bd\u0105, kuris tur\u0117t\u0173 sekimo numer\u012f (tracking number). Mes negalime garantuoti, kad gausime gr\u0105\u017einam\u0105 produkt\u0105.<\/p>\n","protected":false},"excerpt":{"rendered":"<p>Vilniuje ir Vilniaus rajone baldus pristatome nemokamai.1.1 Pardav\u0117jo tikslas \u2013 per 3-5 darbo dienas nuo preki\u0173 apmok\u0117jimo Pirk\u0117jo u\u017esakytas prekes perduoti siunt\u0173 gabenimo tarnybai&#8230;<\/p>\n","protected":false},"author":1,"featured_media":0,"parent":0,"menu_order":0,"comment_status":"closed","ping_status":"closed","template":"","meta":{"footnotes":""},"class_list":["post-715","page","type-page","status-publish","hentry"],"_links":{"self":[{"href":"https:\/\/balilight.lt\/index.php?rest_route=\/wp\/v2\/pages\/715","targetHints":{"allow":["GET"]}}],"collection":[{"href":"https:\/\/balilight.lt\/index.php?rest_route=\/wp\/v2\/pages"}],"about":[{"href":"https:\/\/balilight.lt\/index.php?rest_route=\/wp\/v2\/types\/page"}],"author":[{"embeddable":true,"href":"https:\/\/balilight.lt\/index.php?rest_route=\/wp\/v2\/users\/1"}],"replies":[{"embeddable":true,"href":"https:\/\/balilight.lt\/index.php?rest_route=%2Fwp%2Fv2%2Fcomments&post=715"}],"version-history":[{"count":6,"href":"https:\/\/balilight.lt\/index.php?rest_route=\/wp\/v2\/pages\/715\/revisions"}],"predecessor-version":[{"id":1365,"href":"https:\/\/balilight.lt\/index.php?rest_route=\/wp\/v2\/pages\/715\/revisions\/1365"}],"wp:attachment":[{"href":"https:\/\/balilight.lt\/index.php?rest_route=%2Fwp%2Fv2%2Fmedia&parent=715"}],"curies":[{"name":"wp","href":"https:\/\/api.w.org\/{rel}","templated":true}]}}