{"id":706,"date":"2022-02-22T13:22:24","date_gmt":"2022-02-22T13:22:24","guid":{"rendered":"https:\/\/balilight.lt\/?page_id=706"},"modified":"2022-02-22T13:22:25","modified_gmt":"2022-02-22T13:22:25","slug":"privatumo-politika","status":"publish","type":"page","link":"https:\/\/balilight.lt\/?page_id=706","title":{"rendered":"Privatumo politika"},"content":{"rendered":"\n<p>I. Bendrosios nuostatos<\/p>\n\n\n\n<p>1. \u0160i privatumo politika reglamentuoja &nbsp;<a href=\"https:\/\/balilight.lt\">www.balilight.lt<\/a> elektronin\u0117s parduotuv\u0117s (toliau \u2013 Balilight.lt) ir Balilight.lt kliento (toliau \u2013 J\u016bs, J\u016bs\u0173) pagrindinius asmens duomen\u0173 rinkimo, tvarkymo ir saugojimo principus bei tvark\u0105.<br>2. J\u016bs\u0173 asmens duomen\u0173 rinkim\u0105, tvarkym\u0105 ir saugojim\u0105 nustato \u0161i privatumo politika, Lietuvos Respublikos Asmens duomen\u0173 teisin\u0117s apsaugos \u012fstatymas ir kiti teis\u0117s aktai.<br>3. El. parduotuv\u0117je nurodydami savo asmens duomenis, sutinkate, kad Balilight.lt juos valdys ir tvarkys \u0161ioje privatumo politikoje bei teis\u0117s aktuose numatytais tikslais, priemon\u0117mis ir tvarka.<br>4. Balilight.lt vadovaujasi \u0161iais pagrindiniais asmens duomen\u0173 tvarkymo principais:<br>4.1. Asmens duomenys renkami apibr\u0117\u017etais ir teis\u0117tais tikslais.<br>4.2. Asmens duomenys tvarkomi tiksliai ir s\u0105\u017einingai.<br>4.3. Asmens duomenys tvarkomi teis\u0117tai, t. y. tik tais atvejais, kai:<br>4.3.1. Duomen\u0173 subjektas duoda sutikim\u0105, t. y. sutinka laikytis naudojimosi elektronine parduotuve taisykli\u0173;<br>4.3.2. Sudaroma arba vykdoma sutartis, kai viena i\u0161 \u0161ali\u0173 yra duomen\u0173 subjektas;<br>4.3.3. Balilight.lt yra \u012fpareigota tvarkyti asmens duomenis pagal \u012fstatymus;<br>4.3.4. Asmens duomenis reikia tvarkyti d\u0117l teis\u0117to intereso, kurio siekia Balilight.lt arba tre\u010diasis asmuo, kuriam teikiami asmens duomenys, ir jei duomen\u0173 subjekto interesai n\u0117ra svarbesni.<br>4.4. Asmens duomenys nuolat atnaujinami.<br>4.5. Asmens duomenys saugojami ne ilgiau, nei to reikalauja nustatyti duomen\u0173 tvarkymo tikslai.<br>4.6. Asmens duomenis tvarko tik tie darbuotojai, kuriems suteikta tokia teis\u0117.<br>4.7. Visa informacija apie tvarkomus asmens duomenis yra konfidenciali.<br>5. Naudotis el. parduotuv\u0117s paslaugomis gali:<br>5.1. visi veiksn\u016bs fiziniai asmenys;<br>5.2. juridiniai asmenys;<br>5.3. vis\u0173 auk\u0161\u010diau nurodyt\u0173 asmen\u0173 \u012fgalioti atstovai.<br>6. Informuojame, jog tam, kad gal\u0117tume pasi\u016blyti Jums visavertes paslaugas m\u016bs\u0173 svetain\u0117je, J\u016bs\u0173 kompiuteryje (\u012frenginyje) \u012fra\u0161ome informacij\u0105 (slapukus, angl. &#8222;cookies&#8221;). \u012era\u0161yt\u0105 informacij\u0105 naudosime atpa\u017eindami Jus, kaip ankstesn\u012f svetain\u0117s naudotoj\u0105, rinkdami svetain\u0117s lankomumo statistik\u0105. J\u016bs bet kada galite per\u017ei\u016br\u0117ti, koki\u0105 informacij\u0105 (slapukus) \u012fra\u0161ome, ir galite i\u0161trinti dal\u012f ar visus \u012fra\u0161ytus slapukus. Taip pat turite teis\u0119 nesutikti, kad b\u016bt\u0173 \u012fra\u0161oma ir naudojama informacija (slapukai) J\u016bs\u0173 kompiuteryje (\u012frenginyje), ta\u010diau tokiu atveju kai kurios svetain\u0117s funkcijos Jums gali b\u016bti neprieinamos. Preziumuojame, jog naudodamasis el. parduotuve sutinkame su tuo, kad J\u016bs\u0173 kompiuteryje (\u012frenginyje) b\u016bt\u0173 \u012fra\u0161oma informacija. Savo duot\u0105 sutikim\u0105 bet kada gal\u0117site at\u0161aukti, pakeisdami savo interneto nar\u0161ykl\u0117s nustatymus, ar kreipdamiesi \u012f mus bet kuriais svetain\u0117je skelbiamais kontaktais.<\/p>\n\n\n\n<p>II. Asmens duomen\u0173 rinkimas, tvarkymas, saugojimas<\/p>\n\n\n\n<p>7. Balilight.lt gerbia kiekvieno J\u016bs\u0173 teis\u0119 \u012f privatum\u0105. J\u016bs\u0173 asmens duomenys (vardas, pavard\u0117, am\u017eiaus grup\u0117, adresas, telefono numeris, elektroninio pa\u0161to adresas ir kita el. parduotuv\u0117s registracijos formoje nurodyta informacija) renkami ir tvarkomi \u0161iems tikslams:<br>7.1. apdoroti J\u016bs\u0173 preki\u0173 u\u017esakymus;<br>7.2. i\u0161ra\u0161yti finansinius dokumentus (pvz., s\u0105skaitas fakt\u016bras);<br>7.3. spr\u0119sti problemas, susijusias su preki\u0173 pateikimu ar pristatymu;<br>7.4. vykdyti kitus sutartinius \u012fsipareigojimus;<br>7.5. tiesiogin\u0117s rinkodaros tikslais.<br>8. Registracijos el. parduotuv\u0117je metu J\u016bs privalote pateikti i\u0161samius ir teisingus asmens duomenis.<br>9. Tvarkydamas ir saugodamas J\u016bs\u0173 asmens duomenis Balilight.lt \u012fgyvendina organizacines ir technines priemones, kurios u\u017etikrina asmens duomenims apsaug\u0105 nuo atsitiktinio ar neteis\u0117to sunaikinimo, pakeitimo, atskleidimo, taip pat nuo bet kokio kito neteis\u0117to tvarkymo.<br>10. Balilight.lt gali statistiniais tikslais naudoti su J\u016bs\u0173 asmeniu tiesiogiai nesusijusius duomenis, t. y. duomenis apie \u012fsigytas prekes. Tokie statistiniai duomenys bus renkami ir tvarkomi taip, kad neleist\u0173 atskleisti Kliento asmens tapatyb\u0117s arba kit\u0173 asmens duomen\u0173, pagal kuriuos b\u016bt\u0173 galima nustatyti asmens tapatyb\u0119.<\/p>\n\n\n\n<p>III. Asmens duomen\u0173 perdavimas tre\u010diosioms \u0161alims<\/p>\n\n\n\n<p>11. Balilight.lt pasilieka teis\u0119 perduoti informacij\u0105 tre\u010diosioms \u0161alims:<br>11.1. tik \u0161io dokumento 7 punkte minimiems tikslams \u012fgyvendinti;<br>11.2. tik Lietuvos Respublikos \u012fstatym\u0173 nustatyta tvarka.<\/p>\n\n\n\n<p>IV. Asmens duomen\u0173 pakeitimas, atnaujinimas ar panaikinimas<\/p>\n\n\n\n<p>12. J\u016bs turite teis\u0119 bet kada keisti ir\/ar atnaujinti registracijos formoje pateikt\u0105 informacij\u0105.<br>13. J\u016bs turite teis\u0119 bet kada papra\u0161yti panaikinti savo asmens duomenis para\u0161ydamas lai\u0161k\u0105 \u012f <a href=\"mailto:info@balilight.lt\">info@balilight.lt<\/a> su pra\u0161ymu i\u0161trinti j\u016bs\u0173 duomenis i\u0161 Balilight.lt duomen\u0173 baz\u0117s.<\/p>\n\n\n\n<p>V. Informacijos ar pretenzij\u0173 perdavimas<\/p>\n\n\n\n<p>14. J\u016bs, leid\u0119s tvarkyti savo asmens duomenis, turite teis\u0119:<br>14.1. reikalauti i\u0161taisyti, sunaikinti savo asmens duomenis arba sustabdyti, i\u0161skyrus saugojim\u0105, savo asmens duomen\u0173 tvarkymo veiksmus, kai duomenys tvarkomi nesilaikant \u0161io ir kit\u0173 \u012fstatym\u0173 nuostat\u0173;<br>14.2. nesutikti, kad b\u016bt\u0173 tvarkomi jo asmens duomenys.<br>15. Balilight.lt, gav\u0119s J\u016bs\u0173 pra\u0161ym\u0105 d\u0117l asmens duomen\u0173 tvarkymo, ne v\u0117liau kaip per 30 kalendorini\u0173 dien\u0173 nuo J\u016bs\u0173 kreipimosi dienos, pateiks Jums atsakym\u0105. Nagrin\u0117jami tik tie pra\u0161ymai d\u0117l asmens duomen\u0173 tvarkymo, kurie pateikiami ra\u0161tu (el. pa\u0161tu info@balilight.lt ).<\/p>\n\n\n\n<p>VI. Privatumo politikos keitimas<\/p>\n\n\n\n<p>16. Balilight.lt turi teis\u0119 i\u0161 dalies ar visi\u0161kai pakeisti Privatumo politik\u0105 apie tai prane\u0161damas el. parduotuv\u0117je.<br>17. Privatumo politikos papildymai ar pakeitimai \u012fsigalioja nuo j\u0173 paskelbimo dienos, t. y. nuo tos dienos, kai jie yra patalpinimi el. parduotuv\u0117s sistemoje.<br>18. Jeigu J\u016bs nesutinkate su nauja Privatumo politikos redakcija, J\u016bs turite teis\u0119 jos atsisakyti ra\u0161tu (el. pa\u0161tu info@balilight.lt ) su s\u0105lyga, kad J\u016bs prarandate teis\u0119 naudotis el. parduotuv\u0117s paslaugomis.<br>19. Jei po Privatumo politikos papildymo ar pakeitimo J\u016bs ir toliau naudojat\u0117s el. parduotuv\u0117s teikiamomis paslaugomis, laikoma, kad J\u016bs sutinkate su nauja redakcija.<\/p>\n","protected":false},"excerpt":{"rendered":"<p>I. Bendrosios nuostatos 1. \u0160i privatumo politika reglamentuoja &nbsp;www.balilight.lt elektronin\u0117s parduotuv\u0117s (toliau \u2013 Balilight.lt) ir Balilight.lt kliento (toliau \u2013 J\u016bs, J\u016bs\u0173) pagrindinius asmens duomen\u0173&#8230;<\/p>\n","protected":false},"author":1,"featured_media":0,"parent":0,"menu_order":0,"comment_status":"closed","ping_status":"closed","template":"","meta":{"footnotes":""},"class_list":["post-706","page","type-page","status-publish","hentry"],"_links":{"self":[{"href":"https:\/\/balilight.lt\/index.php?rest_route=\/wp\/v2\/pages\/706","targetHints":{"allow":["GET"]}}],"collection":[{"href":"https:\/\/balilight.lt\/index.php?rest_route=\/wp\/v2\/pages"}],"about":[{"href":"https:\/\/balilight.lt\/index.php?rest_route=\/wp\/v2\/types\/page"}],"author":[{"embeddable":true,"href":"https:\/\/balilight.lt\/index.php?rest_route=\/wp\/v2\/users\/1"}],"replies":[{"embeddable":true,"href":"https:\/\/balilight.lt\/index.php?rest_route=%2Fwp%2Fv2%2Fcomments&post=706"}],"version-history":[{"count":1,"href":"https:\/\/balilight.lt\/index.php?rest_route=\/wp\/v2\/pages\/706\/revisions"}],"predecessor-version":[{"id":708,"href":"https:\/\/balilight.lt\/index.php?rest_route=\/wp\/v2\/pages\/706\/revisions\/708"}],"wp:attachment":[{"href":"https:\/\/balilight.lt\/index.php?rest_route=%2Fwp%2Fv2%2Fmedia&parent=706"}],"curies":[{"name":"wp","href":"https:\/\/api.w.org\/{rel}","templated":true}]}}