{"id":5,"date":"2021-03-07T08:44:55","date_gmt":"2021-03-07T08:44:55","guid":{"rendered":"https:\/\/balilight.lt\/?page_id=5"},"modified":"2022-11-30T15:01:13","modified_gmt":"2022-11-30T13:01:13","slug":"sviestuvai","status":"publish","type":"page","link":"https:\/\/balilight.lt\/?page_id=5","title":{"rendered":"Apie Balilight"},"content":{"rendered":"\n<meta name=\"google-site-verification\" content=\"z9ivEauxPwYRn21E0y-ezs6vwfqQlE56jrlhBbV_v9E\" \/>\n<div class=\"wp-block-columns is-layout-flex wp-container-core-columns-is-layout-9d6595d7 wp-block-columns-is-layout-flex\">\n\n<div class=\"wp-block-column is-layout-flow wp-block-column-is-layout-flow\">\n\n<figure class=\"wp-block-gallery has-nested-images columns-default is-cropped wp-block-gallery-1 is-layout-flex wp-block-gallery-is-layout-flex\">\n\n<figure class=\"wp-block-image size-large\"><img loading=\"lazy\" decoding=\"async\" width=\"684\" height=\"1024\" data-id=\"1427\" src=\"https:\/\/balilight.lt\/wp-content\/uploads\/2022\/10\/as-ir-sviestuvas-1-684x1024.jpg\" alt=\"\" class=\"wp-image-1427\" srcset=\"https:\/\/balilight.lt\/wp-content\/uploads\/2022\/10\/as-ir-sviestuvas-1-684x1024.jpg 684w, https:\/\/balilight.lt\/wp-content\/uploads\/2022\/10\/as-ir-sviestuvas-1-200x300.jpg 200w, https:\/\/balilight.lt\/wp-content\/uploads\/2022\/10\/as-ir-sviestuvas-1-768x1150.jpg 768w, https:\/\/balilight.lt\/wp-content\/uploads\/2022\/10\/as-ir-sviestuvas-1-1025x1536.jpg 1025w, https:\/\/balilight.lt\/wp-content\/uploads\/2022\/10\/as-ir-sviestuvas-1-1367x2048.jpg 1367w, https:\/\/balilight.lt\/wp-content\/uploads\/2022\/10\/as-ir-sviestuvas-1-300x449.jpg 300w, https:\/\/balilight.lt\/wp-content\/uploads\/2022\/10\/as-ir-sviestuvas-1-scaled.jpg 1709w\" sizes=\"auto, (max-width: 684px) 100vw, 684px\" \/><\/figure>\n\n<figcaption class=\"blocks-gallery-caption wp-element-caption\">A\u0161 ir Baltas Bali \u0161viestuvas<\/figcaption><\/figure>\n\n<\/div>\n\n\n<div class=\"wp-block-column is-layout-flow wp-block-column-is-layout-flow\">\n\n<p>Jau daug met\u0173 svajojau padaryti ger\u0105 darb\u0105, svajojau nuo vaikyst\u0117s, bet ne\u017einojau nei kaip, nei kada man tai pavyks padaryti.<br>Prie\u0161 penkis metus keliaujant po Balio sal\u0105 labai nor\u0117josi atve\u017eti namo nors dalel\u0119 to, k\u0105 joje pamilau ir kasdien d\u017eiugino. Mano pirmasis pirkinys buvo \u0160viestuvai, kurie suteik\u0117 m\u016bs\u0173 namams labai daug jaukumo ir \u0161viesos, o svarbiausia \u2013 dalel\u0117 Indonezijos rojaus kampelio apsigyveno kartu su mumis.<br>Ta\u010diau gr\u012f\u017eus namo, stebuklas ne\u012fvyko. Jis \u012fvyko prie\u0161 beveik du metus per pat\u012f pandemijos pik\u0105. Kai savo draug\u0117s balieties paklausiau kaip jiems sekasi ir kai pamin\u0117jo, kad per pandemij\u0105 labai nukent\u0117jo ji ir kiti ma\u017ei verslai, tuomet atradau j\u0117g\u0173, tik\u0117jimo savimi ir ry\u017eausi sukurti tai, kas d\u017eiugint\u0173 ir mane, ir kitus. Nor\u0117josi dalintis tuo, kas kasdien namuose teikt\u0173 ir spinduliuot\u0173 jaukum\u0105, estetik\u0105, gro\u017e\u012f, \u0161vies\u0105, ramyb\u0119 ir meil\u0119. Pagaliau nor\u0117josi nat\u016bralumo ir s\u0105ly\u010dio su gamta.<br>Kod\u0117l \u201eBali \u0161viesa\u201c? Nes tai apie \u0161ilt\u0105 Bali, apie saul\u0117, apie \u0161vies\u0105, apie pozityvi\u0105 ir tikr\u0105 energij\u0105. \u201eBali \u0161viesa\u201c (Bali light) \u2013 taip pavadinta \u0161i internetin\u0117 parduotuv\u0117, kurioje prekiaujama rafinuotais, rank\u0173 darbo gaminiais i\u0161 Balio salos. Tai i\u0161skirtiniai ir kokybi\u0161ki gaminiai sukurti i\u0161 nat\u016brali\u0173 ir ekologi\u0161k\u0173 med\u017eiag\u0173, toki\u0173 kaip tikmedis, ratanas, up\u0117s akmuo, j\u016br\u017eol\u0117, hiacintas ir kitos med\u017eiagos, o svarbiausia \u2013 i\u0161 visos \u0161irdies ir su gera energija bei tausojant gamtos i\u0161teklius. Tad leiskim\u0117s kartu \u012f kelion\u0119 ir kurkime savo namuose daugiau pozityvumo dvasios, nat\u016bralumo, b\u016bkime ar\u010diau gamtos stebukl\u0173. Sukurkime atostog\u0173 atmosfer\u0105 savo namuose!<\/p>\n\n<\/div>\n\n<\/div>\n","protected":false},"excerpt":{"rendered":"<p>Jau daug met\u0173 svajojau padaryti ger\u0105 darb\u0105, svajojau nuo vaikyst\u0117s, bet ne\u017einojau nei kaip, nei kada man tai pavyks padaryti.Prie\u0161 penkis metus keliaujant po&#8230;<\/p>\n","protected":false},"author":1,"featured_media":0,"parent":0,"menu_order":0,"comment_status":"closed","ping_status":"closed","template":"","meta":{"footnotes":""},"class_list":["post-5","page","type-page","status-publish","hentry"],"_links":{"self":[{"href":"https:\/\/balilight.lt\/index.php?rest_route=\/wp\/v2\/pages\/5","targetHints":{"allow":["GET"]}}],"collection":[{"href":"https:\/\/balilight.lt\/index.php?rest_route=\/wp\/v2\/pages"}],"about":[{"href":"https:\/\/balilight.lt\/index.php?rest_route=\/wp\/v2\/types\/page"}],"author":[{"embeddable":true,"href":"https:\/\/balilight.lt\/index.php?rest_route=\/wp\/v2\/users\/1"}],"replies":[{"embeddable":true,"href":"https:\/\/balilight.lt\/index.php?rest_route=%2Fwp%2Fv2%2Fcomments&post=5"}],"version-history":[{"count":36,"href":"https:\/\/balilight.lt\/index.php?rest_route=\/wp\/v2\/pages\/5\/revisions"}],"predecessor-version":[{"id":1545,"href":"https:\/\/balilight.lt\/index.php?rest_route=\/wp\/v2\/pages\/5\/revisions\/1545"}],"wp:attachment":[{"href":"https:\/\/balilight.lt\/index.php?rest_route=%2Fwp%2Fv2%2Fmedia&parent=5"}],"curies":[{"name":"wp","href":"https:\/\/api.w.org\/{rel}","templated":true}]}}