{"id":1610,"date":"2023-02-24T18:03:30","date_gmt":"2023-02-24T16:03:30","guid":{"rendered":"https:\/\/balilight.lt\/?page_id=1610"},"modified":"2023-02-24T18:03:32","modified_gmt":"2023-02-24T16:03:32","slug":"prekiu-garantija-ir-grazinimo-salygos","status":"publish","type":"page","link":"https:\/\/balilight.lt\/?page_id=1610","title":{"rendered":"Preki\u0173 garantija ir gr\u0105\u017einimo s\u0105lygos"},"content":{"rendered":"\n<p><strong>GARANTIJA<\/strong><\/p>\n\n\n\n<ol class=\"wp-block-list\" type=\"1\" start=\"1\">\n<li><strong>Garantija pagal \u012fstatym\u0105. Kokyb\u0117s (komercin\u0117) garantija:<\/strong><\/li>\n<\/ol>\n\n\n\n<p>1.1. &nbsp;CK 6.338 str. nustato terminus reikalavimams d\u0117l Preki\u0173 tr\u016bkum\u0173 pareik\u0161ti (garantija pagal \u012fstatym\u0105).<\/p>\n\n\n\n<p>1.2. &nbsp;Garantijos terminas pradedamas skai\u010diuoti nuo Preki\u0173 perdavimo Pirk\u0117jui dienos.<\/p>\n\n\n\n<p>1.3. &nbsp;Pardav\u0117jo suteikiamas kokyb\u0117s (komercin\u0117s) garantijos terminas:<\/p>\n\n\n\n<ul class=\"wp-block-list\">\n<li>Baldo karkasui \u2013 24 (dvide\u0161imt keturi) m\u0117nesiai;<\/li>\n\n\n\n<li>Mink\u0161toms baldo dalims \u2013 24 (dvide\u0161imt keturi) m\u0117nesiai;<\/li>\n\n\n\n<li>Baldo mechanizmams ir j\u0173 komponentams \u2013 24 (dvide\u0161imt keturi) m\u0117nesiai.<\/li>\n<\/ul>\n\n\n\n<p>1.4. &nbsp;Kokyb\u0117s (komercin\u0117) garantija nevar\u017eo Pirk\u0117jo (vartotojo) teisi\u0173 \u012fsigijus netinkamos kokyb\u0117s Prek\u0119.<\/p>\n\n\n\n<p>1.5. &nbsp;Garantija taikoma Lietuvos Respublikos teritorijoje.<\/p>\n\n\n\n<ol class=\"wp-block-list\" type=\"1\" start=\"1\">\n<li><strong>Prek\u0117s kokyb\u0117s tr\u016bkumais n\u0117ra laikoma ir garantijos s\u0105lygos n\u0117ra taikomos:<\/strong><\/li>\n<\/ol>\n\n\n\n<p>2.1. &nbsp;Atsiimant prekes i\u0161 Pardav\u0117jo sand\u0117lio, Pirk\u0117jas privalo patikrinti preki\u0173 kokyb\u0119 bei b\u016bkl\u0119 prie\u0161 jos pri\u0117mim\u0105. Pretenzijos d\u0117l preki\u0173 kokyb\u0117s (i\u0161oriniai subrai\u017eymai, sudraskymai, sulau\u017eimai ir kitokio pob\u016bd\u017eio sugadinimai atsirad\u0119 transportuojant\/surenkant\/ne\u0161ant d\u0117l pirk\u0117jo veiksm\u0173 po prek\u0117s pri\u0117mimo) n\u0117ra priimamos i\u0161 pirk\u0117jo po prek\u0117s atsi\u0117mimo i\u0161 Pardav\u0117jo sand\u0117lio.<\/p>\n\n\n\n<p>2.2. &nbsp;Tuo atveju, jeigu Pirk\u0117jas Prekes u\u017esako skirtingu metu (t.y. ne t\u0105 pa\u010di\u0105 dien\u0105), Pardav\u0117jas Prekes gali gaminti skirtingu metu (t.y. skirtingomis gamybos partijomis), d\u0117l ko Prek\u0117s (kaip skirting\u0173 gamybos partij\u0173 gaminiai) gali skirtis (audinio, odos, medienos ir\/ar kt. atspalviais) ir tekst\u016bra;<\/p>\n\n\n\n<p>2.3. &nbsp;Tr\u016bkumams, atsiradusiems d\u0117l: netinkamo naudojimo ir prie\u017ei\u016bros; naudojimo ne pagal paskirt\u012f; vagyst\u0117s; stichini\u0173 nelaimi\u0173; gaisro; buitini\u0173 faktori\u0173; ty\u010dinio su\u017ealojimo; instaliavimo, \u012frengimo, montavimo ar remonto darb\u0173, atlikt\u0173 ne Pardav\u0117jo; \u012f\/ant Preki\u0173 patekusi\u0173 pa\u0161alini\u0173 daikt\u0173, med\u017eiag\u0173 ar skys\u010di\u0173 ir kit\u0173 i\u0161orinio poveikio sukelt\u0173 pa\u017eeidim\u0173;<\/p>\n\n\n\n<p>2.4. &nbsp;I\u0161vaizdos ir\/ar kitiems kosmetiniams defektams, atsiradusiems d\u0117l normalaus susid\u0117v\u0117jimo.<\/p>\n\n\n\n<p>2.5. &nbsp;Nat\u016bralaus med\u017eio tekst\u016bros ir atspalvio nevienodumams;<\/p>\n\n\n\n<p>2.6. Nat\u016bralaus med\u017eio \u012ftr\u016bkimams ma\u017eesniems nei 5-7 mm plo\u010dio;<\/p>\n\n\n\n<p>2.7. &nbsp;Vis\u0173 tip\u0173 dovanoms.<\/p>\n\n\n\n<p>2.8. &nbsp;Tarp Pirk\u0117jui pateikt\u0173 audini\u0173, medienos ir kt. pavyzd\u017ei\u0173 (parduotuv\u0117je, kataloguose, interneto svetain\u0117je ir pan.) ir Prek\u0117s audinio yra galimi atspalvi\u0173, tekst\u016bros, ra\u0161t\u0173 skirtumai;<\/p>\n\n\n\n<p>2.9. &nbsp;Naujiems baldams skleid\u017eiant specifin\u012f kvap\u0105, kuris v\u0117dinant patalpas i\u0161nyksta.<\/p>\n\n\n\n<p>2.10. &nbsp;Prek\u0117ms kuri\u0173 tr\u016bkumai buvo aptarti i\u0161 anksto ir klientui sutikus d\u0117l j\u0173 ra\u0161ti\u0161kai.<\/p>\n\n\n\n<p>2.11. &nbsp;I\u0161rinkus prekes ne pagal surinkimo instrukcijoje nurodytus br\u0117\u017einius.<\/p>\n\n\n\n<p>2.12. &nbsp;Ilgai sand\u0117liuojama, nei\u0161pakuota prek\u0117 gali prarasti savo prekin\u0119 i\u0161vaizd\u0105.<\/p>\n\n\n\n<ol class=\"wp-block-list\" type=\"1\" start=\"1\">\n<li><strong>Garantija netaikoma jei:<\/strong><\/li>\n<\/ol>\n\n\n\n<p>3.1. Baldai nukent\u0117jo nuo gyv\u016bn\u0173. J\u0173 nagai gali \u012fbr\u0117\u017eti od\u0105, audin\u012f, medienos detales. J\u0173 seil\u0117s ir prakaitas daro neigiam\u0105 poveik\u012f;<\/p>\n\n\n\n<p>3.2. &nbsp;Jei baldas buvo naudojamas ne pagal paskirt\u012f: \u0161okin\u0117ta, s\u0117d\u0117ta ant bald\u0173 atlo\u0161\u0173, nugar\u0117l\u0117s ir \u0161onini\u0173 atram\u0173 (poranki\u0173), laipiota ar kab\u0117ta ant korpusini\u0173 bald\u0173 stal\u010di\u0173, dureli\u0173, lentyn\u0173 \u2013 baldai gali virsti ar kristi, d\u0117l ko kilt\u0173 pavojus sveikatai.<\/p>\n\n\n\n<p>3.3. &nbsp;Pavir\u0161iai buvo pa\u017eeisti a\u0161triais daiktais;<\/p>\n\n\n\n<p>3.4. &nbsp;Baldai buvo laikyti padidinto dr\u0117gnumo patalpose;<\/p>\n\n\n\n<p>3.5. &nbsp;Baldai buvo valyti abrazyvin\u0117mis priemon\u0117mis;<\/p>\n\n\n\n<p>3.6. &nbsp;Netinkamai naudoti baldai ar bald\u0173 mechanizmai \u2013 jie gali sul\u016b\u017eti, deformuotis, d\u0117l ko kilt\u0173 prispaudim\u0173, \u012fstrigim\u0173, su\u017eeidim\u0173, su\u017ealojim\u0173 ir kt. pana\u0161\u016bs pavojai; prie mechanizmo vidin\u0117s dalies ki\u0161ti pir\u0161tus, rankas, kojas, kitas k\u016bno dalis bei pa\u0161alinius daiktus \u2013 mechanizmo veikiama j\u0117ga gali su\u017eeisti, su\u017ealoti, pakenkti baldui;<\/p>\n\n\n\n<p>3.7. &nbsp;Jeigu ant medini\u0173 pavir\u0161i\u0173 buvo statomi \u0161lapi arba kar\u0161ti indai (pvz.: puodeliai, stiklin\u0117s ir pan.), kadangi tiek skys\u010diai, tiek kar\u0161tis gali pa\u017eeisti pavir\u0161i\u0173.<\/p>\n\n\n\n<p>3.8. &nbsp;Baldai buvo remontuojami pirk\u0117jo arba tre\u010di\u0173 asmen\u0173.<\/p>\n\n\n\n<p>3.9. &nbsp;Baldai buvo u\u017epilti vandeniu arba kitu skys\u010diu.<\/p>\n\n\n\n<ol class=\"wp-block-list\" type=\"1\" start=\"4\">\n<li><strong>Reikalavim\u0173 d\u0117l Preki\u0173 tr\u016bkum\u0173 pateikimas<\/strong><\/li>\n<\/ol>\n\n\n\n<p>4.1. &nbsp;Reikalavimai d\u0117l Preki\u0173 tr\u016bkum\u0173 gali b\u016bti parei\u0161kiami Pardav\u0117jui, jeigu Pirk\u0117jas:<\/p>\n\n\n\n<p>4.2. &nbsp;Preki\u0173 tr\u016bkumus nustato per garantijos termin\u0105, ir<\/p>\n\n\n\n<p>4.3. &nbsp;Pateikia Pardav\u0117jui ra\u0161ti\u0161k\u0105 pra\u0161ym\u0105, kuriame nurodo Preki\u0173 tr\u016bkumus ir Pirk\u0117jo reikalavim\u0105 ir<\/p>\n\n\n\n<p>4.4. &nbsp;Prie pra\u0161ymo prideda kasos aparato ar pirkimo \u2013 pardavimo kvit\u0105, arba kit\u0105 Preki\u0173 pirkim\u0105 \u2013 pardavim\u0105 i\u0161 Pardav\u0117jo patvirtinant\u012f dokument\u0105 (PVM s\u0105skait\u0105 fakt\u016br\u0105, s\u0105skait\u0105 fakt\u016br\u0105, mok\u0117jimo kortel\u0117s s\u0105skaitos i\u0161ra\u0161\u0105, mok\u0117jimo kortel\u0117s skaitytuvo \u010dek\u012f ir kt).<\/p>\n\n\n\n<p>4.5. &nbsp;Jeigu Pirk\u0117jas ne\u012fvykdo 4.2, 4.3, 4.4 punktuose nurodyt\u0173 s\u0105lyg\u0173, Pirk\u0117jo reikalavimas vykdomas tik Pardav\u0117jui sutikus.<\/p>\n\n\n\n<p>4.6. &nbsp;Pirk\u0117jas reikalavimus d\u0117l Preki\u0173 tr\u016bkum\u0173 turi pareik\u0161ti per proting\u0105 termin\u0105, bet ne v\u0117liau kaip per dvejus metus nuo Prek\u0117s perdavimo Pirk\u0117jui dienos.<\/p>\n\n\n\n<p>4.7. &nbsp;Pirk\u0117jas, pateik\u0119s Pardav\u0117jui reikalavim\u0105 d\u0117l Preki\u0173 tr\u016bkum\u0173, turi sudaryti s\u0105lygas Pardav\u0117jui \u012fvertinti Preki\u0173 kokyb\u0119, t.y.:<\/p>\n\n\n\n<p>4.8. &nbsp;Sudaryti s\u0105lygas Pardav\u0117jo atstovams ir\/ar Pardav\u0117jo nurodytiems asmenims ap\u017ei\u016br\u0117ti ir \u012fvertinti Preki\u0173 kokyb\u0119 j\u0173 buvimo vietoje;<\/p>\n\n\n\n<p>4.9. &nbsp;Sudaryti s\u0105lygas paimti Prekes j\u0173 ap\u017ei\u016brai ir kokyb\u0117s \u012fvertinimui;<\/p>\n\n\n\n<p>4.10. &nbsp;Pristatyti Prekes j\u0173 ap\u017ei\u016brai ir j\u0173 kokyb\u0117s \u012fvertinimui \u012f Pardav\u0117jo nurodyt\u0105 viet\u0105.<\/p>\n\n\n\n<p>4.11. &nbsp;Prie\u0161 pristatant ar atiduodant prekes garantiniam aptarnavimui, remontui ar restauravimui- jas i\u0161valykite, tarpus tarp detali\u0173 i\u0161siurbkite, \u010diu\u017einio u\u017evalkalus i\u0161valykite. Nepalikite augintinio kailio liku\u010di\u0173. Perduokite prek\u0119 \u0161vari\u0105 ir tvarking\u0105. Gamintojas pasilieka teis\u0119 Prek\u0117s nepriimti jei ji gali kelti antisanitarin\u0119 ar alergijos gr\u0117sm\u0119.<\/p>\n\n\n\n<p>4.12. &nbsp;Garantijos s\u0105lygas atitinkantys ir pagr\u012fsti Pirk\u0117jo reikalavimai d\u0117l Preki\u0173 tr\u016bkum\u0173, u\u017e kuriuos yra atsakingas Pardav\u0117jas, tenkinami per proting\u0105 termin\u0105.<\/p>\n\n\n\n<p>4.13. &nbsp;Garantijos laikotarpiu pakeitus Prek\u0119 nauja, pakeitus Prek\u0117s dal\u012f, detal\u0119, taip pat bet kokiu kitu b\u016bdu pa\u0161alinus Prek\u0117s tr\u016bkumus (atsta\u010dius kokyb\u0119), garantijos terminas neprat\u0119siamas ir baigiasi su\u0117jus atitinkamam \u0161iame garantiniame ra\u0161te nustatytam garantijos terminui.<\/p>\n\n\n\n<p>4.14. &nbsp;Kitas Pirk\u0117jo teises ir pareigas \u012fsigijus netinkamos kokyb\u0117s Prek\u0119 reglamentuoja Lietuvos Respublikos civilinis kodeksas ir \u012fstatymai.<\/p>\n\n\n\n<p><strong>Nusta\u010dius bald\u0173 brok\u0105 ar kokyb\u0117s neatitikimus, Pardav\u0117jas privalo juos i\u0161taisyti. Jei i\u0161taisyti nepavyksta, Pardav\u0117jas turi pakeisti prek\u0119 nauja. O jei prek\u0117s nepavyksta pakeisti, privalo Pirk\u0117jui gr\u0105\u017einti sumok\u0117tus pinigus.<\/strong><\/p>\n\n\n\n<p><strong>D\u0116MESIO!<\/strong><\/p>\n\n\n\n<p>Remiantis ma\u017emenin\u0117s prekybos taisykl\u0117mis Vartotojo reikalavimas pakeisti nusipirkt\u0105 tinkamos kokyb\u0117s prek\u0119 analogi\u0161komis prek\u0117mis arba gr\u0105\u017einti sumok\u0117tus pinigus d\u0117l Civilinio kodekso 6.362 straipsnyje nurodyt\u0173 prie\u017eas\u010di\u0173 gali b\u016bti tenkinamas tik tada, kai pardav\u0117jas sutinka (kodai pagal Kombinuot\u0105j\u0105 nomenklat\u016br\u0105 \u2013 9401\u20139406).<\/p>\n\n\n\n<p>Svarbu:<\/p>\n\n\n\n<p>Kilus klausimams d\u0117l bald\u0173 prie\u017ei\u016bros, surinkimo ar valymo instrukcij\u0173 b\u016btinai kreipkit\u0117s \u0161iais kontaktais info@balilight.lt, tel.: +370&nbsp; 612 67 706.<\/p>\n\n\n\n<p>Garantijos teik\u0117jas:<\/p>\n\n\n\n<p>MB \u201cBegU\u201c, juridinio asmens kodas 305660173, buvein\u0117s adresas \u2013 Polocko g.9, Vilnius.<\/p>\n","protected":false},"excerpt":{"rendered":"<p>GARANTIJA 1.1. &nbsp;CK 6.338 str. nustato terminus reikalavimams d\u0117l Preki\u0173 tr\u016bkum\u0173 pareik\u0161ti (garantija pagal \u012fstatym\u0105). 1.2. &nbsp;Garantijos terminas pradedamas skai\u010diuoti nuo Preki\u0173 perdavimo Pirk\u0117jui&#8230;<\/p>\n","protected":false},"author":1,"featured_media":0,"parent":0,"menu_order":0,"comment_status":"closed","ping_status":"closed","template":"","meta":{"footnotes":""},"class_list":["post-1610","page","type-page","status-publish","hentry"],"_links":{"self":[{"href":"https:\/\/balilight.lt\/index.php?rest_route=\/wp\/v2\/pages\/1610","targetHints":{"allow":["GET"]}}],"collection":[{"href":"https:\/\/balilight.lt\/index.php?rest_route=\/wp\/v2\/pages"}],"about":[{"href":"https:\/\/balilight.lt\/index.php?rest_route=\/wp\/v2\/types\/page"}],"author":[{"embeddable":true,"href":"https:\/\/balilight.lt\/index.php?rest_route=\/wp\/v2\/users\/1"}],"replies":[{"embeddable":true,"href":"https:\/\/balilight.lt\/index.php?rest_route=%2Fwp%2Fv2%2Fcomments&post=1610"}],"version-history":[{"count":1,"href":"https:\/\/balilight.lt\/index.php?rest_route=\/wp\/v2\/pages\/1610\/revisions"}],"predecessor-version":[{"id":1612,"href":"https:\/\/balilight.lt\/index.php?rest_route=\/wp\/v2\/pages\/1610\/revisions\/1612"}],"wp:attachment":[{"href":"https:\/\/balilight.lt\/index.php?rest_route=%2Fwp%2Fv2%2Fmedia&parent=1610"}],"curies":[{"name":"wp","href":"https:\/\/api.w.org\/{rel}","templated":true}]}}