{"id":15,"date":"2021-03-07T08:46:28","date_gmt":"2021-03-07T08:46:28","guid":{"rendered":"https:\/\/balilight.lt\/?page_id=15"},"modified":"2024-02-13T10:23:28","modified_gmt":"2024-02-13T08:23:28","slug":"kontaktai","status":"publish","type":"page","link":"https:\/\/balilight.lt\/?page_id=15","title":{"rendered":"Kontaktai"},"content":{"rendered":"\n<p><strong>Parduotuv\u0117<\/strong><br>Lietuva 01204<br>Vilnius<br>U\u017eupis<br>Polocko g. 9<\/p>\n\n\n\n<p><strong>Darbo laikas<\/strong><br>I, II, III nedirbame<br>IV -V  11 &#8211; 19<br>VI   11 &#8211; 16<br>VII  nedirbame<\/p>\n\n\n\n<p>Nor\u0117dami pasiteirauti, u\u017esakyti, pabendrauti para\u0161ykite mums el. pa\u0161tu: info@balilight.lt<\/p>\n\n\n\n<p><strong>Susisiekime<\/strong><br>el. pa\u0161tas: info@balilight.lt<br>Tel.: +370 612 67706<br>Tel.: +370 656 53290<br>Instragram profilis: bali__light<br>Facebook: Bali Light<\/p>\n\n\n\n<div class=\"wp-block-columns is-layout-flex wp-container-core-columns-is-layout-9d6595d7 wp-block-columns-is-layout-flex\">\n<div class=\"wp-block-column is-layout-flow wp-block-column-is-layout-flow\" style=\"flex-basis:100%\">\n<p>MB Begu<\/p>\n\n\n\n<p>\u012emones kodas 305660173<br>el. pa\u0161tas: info@balilight.lt<br>Tel.: +370 612 67706<br>el. pa\u0161tas: info@balilight.lt<\/p>\n<\/div>\n<\/div>\n\n\n\n<p><\/p>\n","protected":false},"excerpt":{"rendered":"<p>Parduotuv\u0117Lietuva 01204VilniusU\u017eupisPolocko g. 9 Darbo laikasI, II, III nedirbameIV -V 11 &#8211; 19VI 11 &#8211; 16VII nedirbame Nor\u0117dami pasiteirauti, u\u017esakyti, pabendrauti para\u0161ykite mums el&#8230;.<\/p>\n","protected":false},"author":1,"featured_media":0,"parent":0,"menu_order":6,"comment_status":"closed","ping_status":"closed","template":"","meta":{"footnotes":""},"class_list":["post-15","page","type-page","status-publish","hentry"],"_links":{"self":[{"href":"https:\/\/balilight.lt\/index.php?rest_route=\/wp\/v2\/pages\/15","targetHints":{"allow":["GET"]}}],"collection":[{"href":"https:\/\/balilight.lt\/index.php?rest_route=\/wp\/v2\/pages"}],"about":[{"href":"https:\/\/balilight.lt\/index.php?rest_route=\/wp\/v2\/types\/page"}],"author":[{"embeddable":true,"href":"https:\/\/balilight.lt\/index.php?rest_route=\/wp\/v2\/users\/1"}],"replies":[{"embeddable":true,"href":"https:\/\/balilight.lt\/index.php?rest_route=%2Fwp%2Fv2%2Fcomments&post=15"}],"version-history":[{"count":30,"href":"https:\/\/balilight.lt\/index.php?rest_route=\/wp\/v2\/pages\/15\/revisions"}],"predecessor-version":[{"id":1969,"href":"https:\/\/balilight.lt\/index.php?rest_route=\/wp\/v2\/pages\/15\/revisions\/1969"}],"wp:attachment":[{"href":"https:\/\/balilight.lt\/index.php?rest_route=%2Fwp%2Fv2%2Fmedia&parent=15"}],"curies":[{"name":"wp","href":"https:\/\/api.w.org\/{rel}","templated":true}]}}